{"id":298,"date":"2022-07-11T23:35:07","date_gmt":"2022-07-12T02:35:07","guid":{"rendered":"http:\/\/colonialcatasaltas.com\/site\/?page_id=298"},"modified":"2023-11-24T17:50:26","modified_gmt":"2023-11-24T20:50:26","slug":"catas-altas","status":"publish","type":"page","link":"https:\/\/colonialcatasaltas.com\/site\/catas-altas\/","title":{"rendered":"Catas Altas"},"content":{"rendered":"<p>[et_pb_section fb_built=&#8221;1&#8243; fullwidth=&#8221;on&#8221; _builder_version=&#8221;4.17.3&#8243; _module_preset=&#8221;default&#8221; global_colors_info=&#8221;{}&#8221;][et_pb_fullwidth_slider _builder_version=&#8221;4.17.3&#8243; _module_preset=&#8221;default&#8221; background_image=&#8221;http:\/\/colonialcatasaltas.com\/site\/wp-content\/uploads\/2022\/07\/Banner-Principal-3.png&#8221; global_colors_info=&#8221;{}&#8221;][et_pb_slide _builder_version=&#8221;4.17.3&#8243; _module_preset=&#8221;default&#8221; global_colors_info=&#8221;{}&#8221; sticky_transition=&#8221;on&#8221;]<\/p>\n<p><img loading=\"lazy\" decoding=\"async\" class=\"wp-image-302 alignleft\" src=\"http:\/\/colonialcatasaltas.com\/site\/wp-content\/uploads\/2022\/07\/titulo-1-1.png\" alt=\"\" width=\"420\" height=\"420\" \/><\/p>\n<p>[\/et_pb_slide][\/et_pb_fullwidth_slider][\/et_pb_section][et_pb_section fb_built=&#8221;1&#8243; _builder_version=&#8221;4.17.3&#8243; _module_preset=&#8221;default&#8221; global_colors_info=&#8221;{}&#8221;][et_pb_row _builder_version=&#8221;4.17.3&#8243; _module_preset=&#8221;default&#8221; global_colors_info=&#8221;{}&#8221;][et_pb_column type=&#8221;4_4&#8243; _builder_version=&#8221;4.17.3&#8243; _module_preset=&#8221;default&#8221; global_colors_info=&#8221;{}&#8221;][et_pb_text _builder_version=&#8221;4.17.3&#8243; _module_preset=&#8221;default&#8221; animation_style=&#8221;fade&#8221; global_colors_info=&#8221;{}&#8221;]<\/p>\n<p><img loading=\"lazy\" decoding=\"async\" class=\"aligncenter wp-image-319\" src=\"http:\/\/colonialcatasaltas.com\/site\/wp-content\/uploads\/2022\/07\/TITULO-CATASALTAS.png\" alt=\"\" width=\"438\" height=\"180\" \/><\/p>\n<p>[\/et_pb_text][\/et_pb_column][\/et_pb_row][et_pb_row column_structure=&#8221;2_5,3_5&#8243; _builder_version=&#8221;4.17.3&#8243; _module_preset=&#8221;default&#8221; global_colors_info=&#8221;{}&#8221;][et_pb_column type=&#8221;2_5&#8243; _builder_version=&#8221;4.17.3&#8243; _module_preset=&#8221;default&#8221; global_colors_info=&#8221;{}&#8221;][et_pb_image src=&#8221;http:\/\/colonialcatasaltas.com\/site\/wp-content\/uploads\/2022\/07\/fotoh-300&#215;214.png&#8221; title_text=&#8221;fotoh&#8221; _builder_version=&#8221;4.17.3&#8243; _module_preset=&#8221;default&#8221; animation_style=&#8221;fade&#8221; global_colors_info=&#8221;{}&#8221;][\/et_pb_image][\/et_pb_column][et_pb_column type=&#8221;3_5&#8243; _builder_version=&#8221;4.17.3&#8243; _module_preset=&#8221;default&#8221; global_colors_info=&#8221;{}&#8221;][et_pb_text _builder_version=&#8221;4.17.3&#8243; _module_preset=&#8221;default&#8221; text_font=&#8221;|300|||||||&#8221; text_text_color=&#8221;#3F0303&#8243; text_font_size=&#8221;18px&#8221; text_line_height=&#8221;2em&#8221; header_font=&#8221;|300|||||||&#8221; header_text_color=&#8221;#3F0303&#8243; custom_margin=&#8221;40px||||false|false&#8221; global_colors_info=&#8221;{}&#8221;]<\/p>\n<p>O condom\u00ednio fechado <strong>Colonial Catas Altas<\/strong> \u00e9 o investimento perfeito para voc\u00ea e sua fam\u00edlia. More numa regi\u00e3o repleta de riquezas naturais, hist\u00f3ria e atra\u00e7\u00f5es ecol\u00f3gicas. Com vista privilegiada da serra do cara\u00e7a e topografia excelente. Um condom\u00ednio exclusivo com portaria com controle de entrada e sa\u00edda, lotes a partir de 1.000m\u00b2, aprovado pela prefeitura municipal e super pr\u00f3ximo da cidade de catas altas.<\/p>\n<p>[\/et_pb_text][\/et_pb_column][\/et_pb_row][et_pb_row _builder_version=&#8221;4.17.3&#8243; _module_preset=&#8221;default&#8221; global_colors_info=&#8221;{}&#8221;][et_pb_column type=&#8221;4_4&#8243; _builder_version=&#8221;4.17.3&#8243; _module_preset=&#8221;default&#8221; global_colors_info=&#8221;{}&#8221;][et_pb_text _builder_version=&#8221;4.17.3&#8243; _module_preset=&#8221;default&#8221; animation_style=&#8221;fade&#8221; global_colors_info=&#8221;{}&#8221;]<\/p>\n<p><img loading=\"lazy\" decoding=\"async\" class=\"aligncenter wp-image-308\" src=\"http:\/\/colonialcatasaltas.com\/site\/wp-content\/uploads\/2022\/07\/conheca.png\" alt=\"\" width=\"410\" height=\"180\" \/><\/p>\n<p>[\/et_pb_text][\/et_pb_column][\/et_pb_row][et_pb_row column_structure=&#8221;3_5,2_5&#8243; admin_label=&#8221;Linha&#8221; _builder_version=&#8221;4.17.3&#8243; _module_preset=&#8221;default&#8221; global_colors_info=&#8221;{}&#8221;][et_pb_column type=&#8221;3_5&#8243; _builder_version=&#8221;4.17.3&#8243; _module_preset=&#8221;default&#8221; global_colors_info=&#8221;{}&#8221;][et_pb_text _builder_version=&#8221;4.17.3&#8243; _module_preset=&#8221;default&#8221; text_font=&#8221;|300|||||||&#8221; text_text_color=&#8221;#3F0303&#8243; text_font_size=&#8221;18px&#8221; text_line_height=&#8221;2em&#8221; header_font=&#8221;|300|||||||&#8221; header_text_color=&#8221;#3F0303&#8243; custom_margin=&#8221;40px||||false|false&#8221; global_colors_info=&#8221;{}&#8221;]<\/p>\n<p>Aut\u00eantico por sua simplicidade, o lugarejo est\u00e1 situado a 130 km de Belo Horizonte. Agrega numa mesma paisagem grandes picos, alguns com mais de 2000 metros de altitude, casas coloniais preservadas, ruas de pedras, ru\u00ednas de um aqueduto, igrejas coloniais, inclusive com obras de Aleijadinho e mestre Ata\u00edde, belas cachoeiras e um aconchegante clima ameno.<\/p>\n<p>O conjunto arquitet\u00f4nico barroco formado pela Igreja da Matriz e por casas antigas ao redor da pra\u00e7a Monsenhor Mendes, entre outras constru\u00e7\u00f5es, traz para o presente a hist\u00f3ria da pequena e buc\u00f3lica cidade mineira.<\/p>\n<p>[\/et_pb_text][\/et_pb_column][et_pb_column type=&#8221;2_5&#8243; _builder_version=&#8221;4.17.3&#8243; _module_preset=&#8221;default&#8221; global_colors_info=&#8221;{}&#8221;][et_pb_image src=&#8221;http:\/\/colonialcatasaltas.com\/site\/wp-content\/uploads\/2022\/07\/catas.png&#8221; title_text=&#8221;catas&#8221; _builder_version=&#8221;4.17.3&#8243; _module_preset=&#8221;default&#8221; animation_style=&#8221;fade&#8221; global_colors_info=&#8221;{}&#8221;][\/et_pb_image][\/et_pb_column][\/et_pb_row][et_pb_row _builder_version=&#8221;4.17.3&#8243; _module_preset=&#8221;default&#8221; global_colors_info=&#8221;{}&#8221;][et_pb_column type=&#8221;4_4&#8243; _builder_version=&#8221;4.17.3&#8243; _module_preset=&#8221;default&#8221; global_colors_info=&#8221;{}&#8221;][et_pb_gallery gallery_ids=&#8221;883,886,891,885,884,895,892,894,890,887,392,254,237,232,234,896,386,387,388,389,390,391,889,893&#8243; posts_number=&#8221;12&#8243; orientation=&#8221;portrait&#8221; show_title_and_caption=&#8221;off&#8221; show_pagination=&#8221;off&#8221; _builder_version=&#8221;4.17.3&#8243; _module_preset=&#8221;default&#8221; global_colors_info=&#8221;{}&#8221;][\/et_pb_gallery][\/et_pb_column][\/et_pb_row][\/et_pb_section][et_pb_section fb_built=&#8221;1&#8243; fullwidth=&#8221;on&#8221; admin_label=&#8221;mapa&#8221; _builder_version=&#8221;4.17.3&#8243; _module_preset=&#8221;default&#8221; global_colors_info=&#8221;{}&#8221;][et_pb_fullwidth_code _builder_version=&#8221;4.17.3&#8243; _module_preset=&#8221;default&#8221; global_colors_info=&#8221;{}&#8221;]<iframe src=\"https:\/\/www.google.com\/maps\/embed?pb=!1m18!1m12!1m3!1d17887.756371900963!2d-43.426940460588575!3d-20.074411267847445!2m3!1f0!2f0!3f0!3m2!1i1024!2i768!4f13.1!3m3!1m2!1s0xa443ffffa6595b%3A0x8985a45291c0a23c!2sCatas%20Altas%2C%20MG%2C%2035969-000!5e0!3m2!1spt-BR!2sbr!4v1659128881960!5m2!1spt-BR!2sbr\" width=\"100%\" height=\"450\" style=\"border:0;\" allowfullscreen=\"\" loading=\"lazy\" referrerpolicy=\"no-referrer-when-downgrade\"><\/iframe>[\/et_pb_fullwidth_code][\/et_pb_section][et_pb_section fb_built=&#8221;1&#8243; _builder_version=&#8221;4.17.3&#8243; _module_preset=&#8221;default&#8221; background_color=&#8221;#2B2B2B&#8221; border_width_top=&#8221;8px&#8221; border_color_top=&#8221;#DFAF26&#8243; global_module=&#8221;323&#8243; collapsed=&#8221;off&#8221; global_colors_info=&#8221;{}&#8221;][et_pb_row column_structure=&#8221;1_2,1_2&#8243; _builder_version=&#8221;4.17.3&#8243; _module_preset=&#8221;default&#8221; collapsed=&#8221;off&#8221; global_colors_info=&#8221;{}&#8221;][et_pb_column type=&#8221;1_2&#8243; _builder_version=&#8221;4.17.3&#8243; _module_preset=&#8221;default&#8221; global_colors_info=&#8221;{}&#8221;][et_pb_text _builder_version=&#8221;4.17.3&#8243; _module_preset=&#8221;default&#8221; header_font=&#8221;|300|||||||&#8221; header_text_color=&#8221;#FFFFFF&#8221; header_font_size=&#8221;35px&#8221; header_text_shadow_style=&#8221;preset2&#8243; global_colors_info=&#8221;{}&#8221;]<\/p>\n<h1>Tele-vendas:<\/h1>\n<p>[\/et_pb_text][et_pb_text _builder_version=&#8221;4.17.3&#8243; _module_preset=&#8221;default&#8221; header_font=&#8221;|300|||||||&#8221; header_text_color=&#8221;#FFFFFF&#8221; header_font_size=&#8221;35px&#8221; global_colors_info=&#8221;{}&#8221;]<\/p>\n<h1><a href=\"tel:3138513596\">(31) 3832-2586<\/a><\/h1>\n<p>[\/et_pb_text][et_pb_text _builder_version=&#8221;4.17.3&#8243; _module_preset=&#8221;default&#8221; header_font=&#8221;|300|||||||&#8221; header_text_color=&#8221;#FFFFFF&#8221; header_font_size=&#8221;35px&#8221; global_colors_info=&#8221;{}&#8221;]<\/p>\n<h1><a href=\"https:\/\/api.whatsapp.com\/send?phone=5531991836500\" target=\"_blank\" rel=\"noopener\">(31) 97172-3456<\/a><\/h1>\n<p>[\/et_pb_text][\/et_pb_column][et_pb_column type=&#8221;1_2&#8243; _builder_version=&#8221;4.17.3&#8243; _module_preset=&#8221;default&#8221; global_colors_info=&#8221;{}&#8221;][et_pb_image src=&#8221;http:\/\/colonialcatasaltas.com\/site\/wp-content\/uploads\/2023\/01\/Logo-IMPERIA-1.png&#8221; title_text=&#8221;Logo IMPERIA&#8221; _builder_version=&#8221;4.17.3&#8243; _module_preset=&#8221;default&#8221; global_colors_info=&#8221;{}&#8221;][\/et_pb_image][et_pb_text _builder_version=&#8221;4.17.3&#8243; _module_preset=&#8221;default&#8221; text_text_color=&#8221;#FFFFFF&#8221; text_font_size=&#8221;17px&#8221; global_colors_info=&#8221;{}&#8221;]<\/p>\n<p>Temos uma equipe pronta para atender voc\u00ea e tirar todas as d\u00favidas.<\/p>\n<p>[\/et_pb_text][et_pb_button button_url=&#8221;https:\/\/api.whatsapp.com\/send?phone=5531971723456&#8243; button_text=&#8221;Fale Conosco&#8221; _builder_version=&#8221;4.17.3&#8243; _module_preset=&#8221;default&#8221; hover_enabled=&#8221;0&#8243; global_colors_info=&#8221;{}&#8221; custom_button=&#8221;on&#8221; button_bg_color=&#8221;#DFAF26&#8243; button_bg_enable_color=&#8221;on&#8221; button_text_color=&#8221;#3F0303&#8243; sticky_enabled=&#8221;0&#8243;][\/et_pb_button][\/et_pb_column][\/et_pb_row][\/et_pb_section]<\/p>\n","protected":false},"excerpt":{"rendered":"<p>O condom\u00ednio fechado Colonial Catas Altas \u00e9 o investimento perfeito para voc\u00ea e sua fam\u00edlia. More numa regi\u00e3o repleta de riquezas naturais, hist\u00f3ria e atra\u00e7\u00f5es ecol\u00f3gicas. Com vista privilegiada da serra do cara\u00e7a e topografia excelente. Um condom\u00ednio exclusivo com portaria com controle de entrada e sa\u00edda, lotes a partir de 1.000m\u00b2, aprovado pela prefeitura [&hellip;]<\/p>\n","protected":false},"author":2,"featured_media":0,"parent":0,"menu_order":0,"comment_status":"closed","ping_status":"closed","template":"","meta":{"_et_pb_use_builder":"on","_et_pb_old_content":"","_et_gb_content_width":"","footnotes":""},"class_list":["post-298","page","type-page","status-publish","hentry"],"_links":{"self":[{"href":"https:\/\/colonialcatasaltas.com\/site\/wp-json\/wp\/v2\/pages\/298","targetHints":{"allow":["GET"]}}],"collection":[{"href":"https:\/\/colonialcatasaltas.com\/site\/wp-json\/wp\/v2\/pages"}],"about":[{"href":"https:\/\/colonialcatasaltas.com\/site\/wp-json\/wp\/v2\/types\/page"}],"author":[{"embeddable":true,"href":"https:\/\/colonialcatasaltas.com\/site\/wp-json\/wp\/v2\/users\/2"}],"replies":[{"embeddable":true,"href":"https:\/\/colonialcatasaltas.com\/site\/wp-json\/wp\/v2\/comments?post=298"}],"version-history":[{"count":18,"href":"https:\/\/colonialcatasaltas.com\/site\/wp-json\/wp\/v2\/pages\/298\/revisions"}],"predecessor-version":[{"id":916,"href":"https:\/\/colonialcatasaltas.com\/site\/wp-json\/wp\/v2\/pages\/298\/revisions\/916"}],"wp:attachment":[{"href":"https:\/\/colonialcatasaltas.com\/site\/wp-json\/wp\/v2\/media?parent=298"}],"curies":[{"name":"wp","href":"https:\/\/api.w.org\/{rel}","templated":true}]}}